{"id":9022,"date":"2020-03-06T08:16:51","date_gmt":"2020-03-06T07:16:51","guid":{"rendered":"https:\/\/4x4desiertogorafe.com\/legal-notice\/"},"modified":"2024-05-29T10:53:22","modified_gmt":"2024-05-29T08:53:22","slug":"legal-notice","status":"publish","type":"page","link":"https:\/\/4x4desiertogorafe.com\/en\/legal-notice\/","title":{"rendered":"Legal Notice"},"content":{"rendered":"<p>[et_pb_section fb_built=&#8221;1&#8243; admin_label=&#8221;Breadcrumbs&#8221; module_id=&#8221;breadcrumbs&#8221; _builder_version=&#8221;4.23.4&#8243; background_color=&#8221;#cccccc&#8221; background_enable_color=&#8221;off&#8221; custom_margin=&#8221;20px||||false|false&#8221; global_module=&#8221;3246&#8243; locked=&#8221;off&#8221; collapsed=&#8221;off&#8221; global_colors_info=&#8221;{}&#8221;][et_pb_row _builder_version=&#8221;4.16&#8243; custom_padding=&#8221;10px||10px||false|false&#8221; global_colors_info=&#8221;{}&#8221;][et_pb_column type=&#8221;4_4&#8243; _builder_version=&#8221;4.16&#8243; global_colors_info=&#8221;{}&#8221;][et_pb_code _builder_version=&#8221;4.23.4&#8243; _module_preset=&#8221;default&#8221; text_orientation=&#8221;center&#8221; global_colors_info=&#8221;{}&#8221;]<nav aria-label=\"breadcrumbs\" class=\"rank-math-breadcrumb\"><p><span class=\"last\">Inicio<\/span><\/p><\/nav>[\/et_pb_code][\/et_pb_column][\/et_pb_row][\/et_pb_section][et_pb_section fb_built=&#8221;1&#8243; module_class=&#8221;seccion&#8221; _builder_version=&#8221;4.23.4&#8243; vertical_offset_tablet=&#8221;0&#8243; horizontal_offset_tablet=&#8221;0&#8243; custom_padding=&#8221;||0px||false|false&#8221; z_index_tablet=&#8221;0&#8243; box_shadow_horizontal_tablet=&#8221;0px&#8221; box_shadow_vertical_tablet=&#8221;0px&#8221; box_shadow_blur_tablet=&#8221;40px&#8221; box_shadow_spread_tablet=&#8221;0px&#8221; global_colors_info=&#8221;{}&#8221;][et_pb_row _builder_version=&#8221;4.23.4&#8243; background_size=&#8221;initial&#8221; background_position=&#8221;top_left&#8221; background_repeat=&#8221;repeat&#8221; custom_padding=&#8221;0px||0px||true|false&#8221; global_colors_info=&#8221;{}&#8221;][et_pb_column type=&#8221;4_4&#8243; _builder_version=&#8221;4.16&#8243; custom_padding=&#8221;|||&#8221; global_colors_info=&#8221;{}&#8221; custom_padding__hover=&#8221;|||&#8221;][et_pb_post_title meta=&#8221;off&#8221; featured_image=&#8221;off&#8221; module_class=&#8221;titulo-pagina&#8221; _builder_version=&#8221;4.23.4&#8243; title_font=&#8221;Raleway|700|||||||&#8221; vertical_offset_tablet=&#8221;0&#8243; horizontal_offset_tablet=&#8221;0&#8243; text_orientation=&#8221;center&#8221; z_index_tablet=&#8221;0&#8243; title_text_shadow_horizontal_length_tablet=&#8221;0px&#8221; title_text_shadow_vertical_length_tablet=&#8221;0px&#8221; title_text_shadow_blur_strength_tablet=&#8221;1px&#8221; meta_text_shadow_horizontal_length_tablet=&#8221;0px&#8221; meta_text_shadow_vertical_length_tablet=&#8221;0px&#8221; meta_text_shadow_blur_strength_tablet=&#8221;1px&#8221; box_shadow_horizontal_tablet=&#8221;0px&#8221; box_shadow_vertical_tablet=&#8221;0px&#8221; box_shadow_blur_tablet=&#8221;40px&#8221; box_shadow_spread_tablet=&#8221;0px&#8221; text_shadow_horizontal_length_tablet=&#8221;0px&#8221; text_shadow_vertical_length_tablet=&#8221;0px&#8221; text_shadow_blur_strength_tablet=&#8221;1px&#8221; global_colors_info=&#8221;{}&#8221;][\/et_pb_post_title][\/et_pb_column][\/et_pb_row][\/et_pb_section][et_pb_section fb_built=&#8221;1&#8243; module_class=&#8221;seccion seccion-pagina contenido&#8221; _builder_version=&#8221;4.23.4&#8243; vertical_offset_tablet=&#8221;0&#8243; horizontal_offset_tablet=&#8221;0&#8243; custom_padding=&#8221;0px||||false|false&#8221; z_index_tablet=&#8221;0&#8243; box_shadow_horizontal_tablet=&#8221;0px&#8221; box_shadow_vertical_tablet=&#8221;0px&#8221; box_shadow_blur_tablet=&#8221;40px&#8221; box_shadow_spread_tablet=&#8221;0px&#8221; global_colors_info=&#8221;{}&#8221;][et_pb_row _builder_version=&#8221;4.16&#8243; background_size=&#8221;initial&#8221; background_position=&#8221;top_left&#8221; background_repeat=&#8221;repeat&#8221; global_colors_info=&#8221;{}&#8221;][et_pb_column type=&#8221;4_4&#8243; _builder_version=&#8221;4.16&#8243; custom_padding=&#8221;|||&#8221; global_colors_info=&#8221;{}&#8221; custom_padding__hover=&#8221;|||&#8221;][et_pb_text _builder_version=&#8221;4.25.1&#8243; background_size=&#8221;initial&#8221; background_position=&#8221;top_left&#8221; background_repeat=&#8221;repeat&#8221; hover_enabled=&#8221;0&#8243; global_colors_info=&#8221;{}&#8221; sticky_enabled=&#8221;0&#8243;]<\/p>\n<p>Rutas 4&#215;4 Desierto Gorafe se reserva el derecho de modificar cualquier tipo de informaci\u00f3n que pudiera aparecer en el sitio web, sin que exista obligaci\u00f3n de preavisar o poner en conocimiento de los usuarios dichas obligaciones, entendi\u00e9ndose como suficiente con la publicaci\u00f3n en el sitio web de Rutas 4&#215;4 Desierto Gorafe<\/p>\n<p>En cumplimiento del art\u00edculo 10 de la Ley 34\/2002, de 11 de julio, de Servicios de la Sociedad de la Informaci\u00f3n y Comercio Electr\u00f3nico, a continuaci\u00f3n, se exponen los datos identificativos de la empresa propietaria del dominio 4x4desiertogorafe.com:<\/p>\n<h2>Datos identificativos<\/h2>\n<p>Nombre de dominio: <strong>4x4desiertogorafe.com<\/strong><br \/>Denominaci\u00f3n social: <strong>Jos\u00e9 Manuel Mart\u00ednez Maldonado<\/strong><br \/>CIF: <strong>29077784B<\/strong><br \/>Domicilio social: <strong>Camino de la Meseta, 1 18890-Gorafe, (Granada)<\/strong><br \/>Tel\u00e9fono: <strong>686765540<\/strong><br \/>E-mail: <strong>torriblanco@gmail.com<\/strong><\/p>\n<p>Todas las notificaciones y comunicaciones entre los usuarios y Rutas 4&#215;4 Desierto Gorafe se considerar\u00e1n eficaces, a todos los efectos, cuando se realicen a trav\u00e9s de correo postal o cualquier otro medio de los detallados anteriormente.\u201d<\/p>\n<h2>Usuarios<\/h2>\n<p>El acceso y\/o uso de este portal del PROPIETARIO DE LA WEB, creadora del sitio, atribuye la condici\u00f3n de USUARIO, al que acepta, desde dicho acceso y\/o uso, las Condiciones Generales de Uso aqu\u00ed reflejadas. Las citadas Condiciones ser\u00e1n de aplicaci\u00f3n independientemente de las Condiciones Generales de Contrataci\u00f3n que en su caso resulten de obligado cumplimiento.<\/p>\n<h2>Uso del Portal<\/h2>\n<p>El sitio web y sus servicios, son de acceso libre y gratuito, no obstante, Rutas 4&#215;4 Desierto Gorafe condiciona la utilizaci\u00f3n de algunos de los servicios ofrecidos en su web a la previa cumplimentaci\u00f3n del correspondiente formulario, para convertirse en usuario del portal.<\/p>\n<p>El usuario garantiza la autenticidad y actualidad de todos aquellos datos que comunique al Rutas 4&#215;4 Desierto Gorafe y ser\u00e1 el \u00fanico responsable de las manifestaciones falsas o inexactas que realice.<\/p>\n<p>El usuario se compromete expresamente a hacer un uso adecuado de los contenidos y servicios de Rutas 4&#215;4 Desierto Gorafe y a no emplearlos para, entre otros:<\/p>\n<ol>\n<li>Difundir contenidos, delictivos, violentos, pornogr\u00e1ficos, racistas, xen\u00f3fobo, ofensivos, de apolog\u00eda del terrorismo o, en general, contrarios a la ley o al orden p\u00fablico.<\/li>\n<li>Introducir en la red virus inform\u00e1ticos, o realizar actuaciones susceptibles de alterar, estropear, interrumpir o generar errores o da\u00f1os en los documentos electr\u00f3nicos, datos o sistemas f\u00edsicos y l\u00f3gicos de Rutas 4&#215;4 Desierto Gorafe o de terceras personas; as\u00ed como obstaculizar el acceso de otros usuarios al sitio web y a sus servicios mediante el consumo masivo de los recursos inform\u00e1ticos a trav\u00e9s de los cuales Rutas 4&#215;4 Desierto Gorafe presta sus servicios.<\/li>\n<li>Intentar acceder a las cuentas de correo electr\u00f3nico de otros usuarios o a \u00e1reas restringidas de los sistemas inform\u00e1ticos de Rutas 4&#215;4 Desierto Gorafe o de terceros y, en su caso, extraer informaci\u00f3n.<\/li>\n<li>Vulnerar los derechos de propiedad intelectual o industrial, as\u00ed como violar la confidencialidad de la informaci\u00f3n del Rutas 4&#215;4 Desierto Gorafe o de terceros.<\/li>\n<li>Suplantar la identidad de otro usuario, de las administraciones p\u00fablicas o de un tercero.<\/li>\n<li>Reproducir, copiar, distribuir, poner a disposici\u00f3n o de cualquier otra forma comunicar p\u00fablicamente, transformar o modificar los contenidos, a menos que se cuente con la autorizaci\u00f3n del titular de los correspondientes derechos, o ello resulte legalmente permitido.<\/li>\n<li>Recabar datos con finalidad publicitaria y de remitir publicidad de cualquier clase y comunicaciones con fines de venta u otras, de naturaleza comercial sin que medie su previa solicitud o consentimiento.<\/li>\n<\/ol>\n<h2>M\u00e1s informaci\u00f3n sobre Pol\u00edtica de Privacidad<\/h2>\n<p>Si quiere obtener mayor informaci\u00f3n sobre nuestra pol\u00edtica de privacidad puede pinchar en el siguiente enlace de nuestro sitio web (hacer constar enlace a la pol\u00edtica de privacidad de segunda capa que le remitimos)<\/p>\n<h2>Propiedad Intelectual e Industrial<\/h2>\n<p>En virtud de lo dispuesto a la legislaci\u00f3n vigente reguladora de la Propiedad Intelectual, quedan expresamente prohibidas la reproducci\u00f3n, la distribuci\u00f3n y la comunicaci\u00f3n p\u00fablica, incluida su modalidad de puesta a disposici\u00f3n, de la totalidad o parte de los contenidos, como textos, fotograf\u00edas, gr\u00e1ficos, im\u00e1genes, iconos, tecnolog\u00eda, software, as\u00ed como su dise\u00f1o gr\u00e1fico y c\u00f3digos fuente, de esta p\u00e1gina web, con fines comerciales, en cualquier soporte y por cualquier medio t\u00e9cnico, sin la autorizaci\u00f3n de Rutas 4&#215;4 Desierto Gorafe<\/p>\n<p>Todos los contenidos del sitio web, constituyen una obra cuya propiedad pertenece al Rutas 4&#215;4 Desierto Gorafe, sin que puedan entenderse cedidos al usuario ninguno de los derechos de explotaci\u00f3n sobre los mismos, m\u00e1s all\u00e1 de lo estrictamente necesario para el correcto uso de la web.<\/p>\n<p>En definitiva, los usuarios que accedan a este sitio web pueden visualizar los contenidos y efectuar, en su caso, copias privadas autorizadas siempre que los elementos reproducidos no sean cedidos posteriormente a terceros, ni se instalen a servidores conectados a redes, ni sean objeto de ning\u00fan tipo de explotaci\u00f3n comercial.<\/p>\n<p>Asimismo, todas las marcas, nombres comerciales o signos distintivos de cualquier clase que aparecen en el sitio web son propiedad de Rutas 4&#215;4 Desierto Gorafe, sin que pueda entenderse que el uso o acceso al mismo atribuya al usuario derecho alguno sobre los mismos.<\/p>\n<p>El establecimiento de un h\u00edper enlace no implica en ning\u00fan caso la existencia de relaciones entre Rutas 4&#215;4 Desierto Gorafe y el propietario del sitio web en la que se establezca, ni la aceptaci\u00f3n y aprobaci\u00f3n por parte de Rutas 4&#215;4 Desierto Gorafe de sus contenidos o servicios. Aquellas personas que se propongan establecer un h\u00edper enlace, previamente deber\u00e1n solicitar autorizaci\u00f3n por escrito al Rutas 4&#215;4 Desierto Gorafe En todo caso, el hiperenlace \u00fanicamente permitir\u00e1 el acceso a la home-page o p\u00e1gina de inicio de nuestro sitio web, asimismo deber\u00e1 abstenerse de realizar manifestaciones o indicaciones falsas, inexactas o incorrectas sobre Rutas 4&#215;4 Desierto Gorafe, o incluir contenidos il\u00edcitos, contrarios a las buenas costumbres y al orden p\u00fablico.<\/p>\n<p>Rutas 4&#215;4 Desierto Gorafe no se responsabiliza del uso que cada usuario les d\u00e9 a los materiales puestos a disposici\u00f3n en este sitio web ni de las actuaciones que realice en base a los mismos.<\/p>\n<h2>Exclusi\u00f3n de Garant\u00edas y de Responsabilidad<\/h2>\n<p>El contenido del presente sitio web es de car\u00e1cter general y tiene una finalidad meramente informativa, sin que se garantice plenamente el acceso a todos los contenidos, ni su exhaustividad, correcci\u00f3n, vigencia o actualidad, ni su idoneidad o utilidad para un objetivo espec\u00edfico.<\/p>\n<p>Rutas 4&#215;4 Desierto Gorafe excluye, hasta donde permite el ordenamiento jur\u00eddico, cualquier responsabilidad por los da\u00f1os y perjuicios de toda naturaleza derivados de:<\/p>\n<ol>\n<li>La imposibilidad de acceso al sitio web o la falta de veracidad, exactitud, exhaustividad y\/o actualidad de los contenidos, as\u00ed como la existencia de vicios y defectos de toda clase de los contenidos transmitidos, difundidos, almacenados, puestos a disposici\u00f3n a los que se haya accedido a trav\u00e9s del sitio web o de los servicios que se ofrecen.<\/li>\n<li>La presencia de virus o de otros elementos en los contenidos que puedan producir alteraciones en los sistemas inform\u00e1ticos, documentos electr\u00f3nicos o datos de los usuarios.<\/li>\n<li>El incumplimiento de las leyes, la buena fe, el orden p\u00fablico, los usos del tr\u00e1fico y el presente aviso legal como consecuencia del uso incorrecto del sitio web. En particular, y a modo ejemplificativo, Rutas 4&#215;4 Desierto Gorafe no se hace responsable de las actuaciones de terceros que vulneren derechos de propiedad intelectual e industrial, secretos empresariales, derechos al honor, a la intimidad personal, familiar y a la propia imagen, as\u00ed como la normativa en materia de competencia desleal y publicidad il\u00edcita.<\/li>\n<\/ol>\n<h2>Modificaci\u00f3n de las presentes condiciones y duraci\u00f3n<\/h2>\n<p>Rutas 4&#215;4 Desierto Gorafe podr\u00e1 modificar en cualquier momento las condiciones aqu\u00ed determinadas, siendo debidamente publicadas como aqu\u00ed aparecen. La vigencia de las citadas condiciones ir\u00e1 en funci\u00f3n de su exposici\u00f3n y estar\u00e1n vigentes hasta que sean modificadas por otras debidamente publicadas.<\/p>\n<h2>Enlaces<\/h2>\n<p>Rutas 4&#215;4 Desierto Gorafe declina cualquier responsabilidad respecto a la informaci\u00f3n que se halle fuera de esta web y no sea gestionada directamente por nuestro webmaster. La funci\u00f3n de los links que aparecen en esta web, exclusivamente la de informar al usuario sobre la existencia de otras fuentes susceptibles de ampliar los contenidos que ofrece este sitio web. Rutas 4&#215;4 Desierto Gorafe no garantiza ni se responsabiliza del funcionamiento o accesibilidad de los sitios enlazados. Ni sugiere, invita o recomienda la visita a los mismos, por lo que tampoco ser\u00e1 responsable del resultado obtenido. Rutas 4&#215;4 Desierto Gorafe no se responsabiliza del establecimiento de hiperv\u00ednculos por parte de terceros.<\/p>\n<h2>Derecho de Exclusi\u00f3n<\/h2>\n<p>Rutas 4&#215;4 Desierto Gorafe se reserva el derecho a denegar o retirar el acceso a portal y\/o los servicios ofrecidos sin necesidad de preaviso, a instancia propia o de un tercero, a aquellos usuarios que incumplan las presentes Condiciones Generales de Uso del Portal.<\/p>\n<h2>Generalidades<\/h2>\n<p>En el caso de que cualquier usuario o un tercero considere que existen hechos o circunstancias que revelen el car\u00e1cter il\u00edcito de la utilizaci\u00f3n de cualquier contenido y\/o de la realizaci\u00f3n de cualquier actividad en las p\u00e1ginas web incluidas o accesibles a trav\u00e9s del sitio web, deber\u00e1 enviar una notificaci\u00f3n a Rutas 4&#215;4 Desierto Gorafe, identific\u00e1ndose debidamente, especificando las supuestas infracciones y declarando expresamente y bajo su responsabilidad que la informaci\u00f3n proporcionada en la notificaci\u00f3n, es exacta.<\/p>\n<h2>Publicaciones<\/h2>\n<p>La informaci\u00f3n administrativa facilitada a trav\u00e9s del sitio web no sustituye la publicidad legal de las leyes, normativas, planes, disposiciones generales y actos que tengan que ser publicados formalmente a los diarios oficiales de las administraciones p\u00fablicas, que constituyen el \u00fanico instrumento que da fe de su autenticidad y contenido. La informaci\u00f3n disponible en este sitio web debe entenderse como una gu\u00eda.<\/p>\n<h2>Ley Aplicable y Jurisdicci\u00f3n<\/h2>\n<p>Estas condiciones se regir\u00e1n o interpretar\u00e1n conforme a la legislaci\u00f3n espa\u00f1ola en aquello que no est\u00e9 expresamente establecido. El prestador y el usuario, acuerdan someter cualquier controversia que pudiera suscitarse de la prestaci\u00f3n de los productos o servicios objeto de \u00e9stas Condiciones, a los Juzgados y Tribunales del domicilio del usuario.<\/p>\n<p>En el caso de que el usuario tenga su domicilio fuera de Espa\u00f1a, el prestador y el usuario, renuncian expresamente a cualquier otro foro, someti\u00e9ndose a los Juzgados y Tribunales del domicilio de Rutas 4&#215;4 Desierto Gorafe.<\/p>\n<p>[\/et_pb_text][\/et_pb_column][\/et_pb_row][\/et_pb_section]<\/p>\n","protected":false},"excerpt":{"rendered":"<p><nav aria-label=\"breadcrumbs\" class=\"rank-math-breadcrumb\"><p><span class=\"last\">Inicio<\/span><\/p><\/nav>Rutas 4&#215;4 Desierto Gorafe se reserva el derecho de modificar cualquier tipo de informaci\u00f3n que pudiera aparecer en el sitio web, sin que exista obligaci\u00f3n de preavisar o poner en conocimiento de los usuarios dichas obligaciones, entendi\u00e9ndose como suficiente con la publicaci\u00f3n en el sitio web de Rutas 4&#215;4 Desierto Gorafe En cumplimiento del art\u00edculo [&hellip;]<\/p>\n","protected":false},"author":1,"featured_media":0,"parent":0,"menu_order":0,"comment_status":"closed","ping_status":"closed","template":"","meta":{"_et_pb_use_builder":"on","_et_pb_old_content":"","_et_gb_content_width":"","footnotes":""},"class_list":["post-9022","page","type-page","status-publish","hentry"],"_links":{"self":[{"href":"https:\/\/4x4desiertogorafe.com\/en\/wp-json\/wp\/v2\/pages\/9022","targetHints":{"allow":["GET"]}}],"collection":[{"href":"https:\/\/4x4desiertogorafe.com\/en\/wp-json\/wp\/v2\/pages"}],"about":[{"href":"https:\/\/4x4desiertogorafe.com\/en\/wp-json\/wp\/v2\/types\/page"}],"author":[{"embeddable":true,"href":"https:\/\/4x4desiertogorafe.com\/en\/wp-json\/wp\/v2\/users\/1"}],"replies":[{"embeddable":true,"href":"https:\/\/4x4desiertogorafe.com\/en\/wp-json\/wp\/v2\/comments?post=9022"}],"version-history":[{"count":0,"href":"https:\/\/4x4desiertogorafe.com\/en\/wp-json\/wp\/v2\/pages\/9022\/revisions"}],"wp:attachment":[{"href":"https:\/\/4x4desiertogorafe.com\/en\/wp-json\/wp\/v2\/media?parent=9022"}],"curies":[{"name":"wp","href":"https:\/\/api.w.org\/{rel}","templated":true}]}}